{"id":1639,"date":"2016-07-31T01:34:21","date_gmt":"2016-07-31T01:34:21","guid":{"rendered":"https:\/\/zkm-ag.ch\/de\/kopie-von-enhomedehome\/"},"modified":"2021-09-19T20:47:34","modified_gmt":"2021-09-19T20:47:34","slug":"news-und-events","status":"publish","type":"page","link":"https:\/\/zkm-ag.ch\/de\/news-und-events\/","title":{"rendered":"News und Events"},"content":{"rendered":"<div id=\"news-events\"><div class=\"fusion-fullwidth fullwidth-box fusion-builder-row-1 nonhundred-percent-fullwidth non-hundred-percent-height-scrolling\" style=\"background-color: #f9f9f9;background-position: left top;background-repeat: no-repeat;padding-top:90px;padding-right:0px;padding-bottom:0px;padding-left:0px;margin-bottom: 0px;margin-top: 0px;border-width: 0px 0px 0px 0px;border-color:#eae9e9;border-style:solid;\" ><div class=\"fusion-builder-row fusion-row\"><div class=\"fusion-layout-column fusion_builder_column fusion-builder-column-0 fusion_builder_column_1_1 1_1 fusion-one-full fusion-column-first fusion-column-last\" style=\"margin-top:0px;margin-bottom:20px;\"><div class=\"fusion-column-wrapper fusion-flex-column-wrapper-legacy\" style=\"background-position:left top;background-repeat:no-repeat;-webkit-background-size:cover;-moz-background-size:cover;-o-background-size:cover;background-size:cover;padding: 2% 11% 2% 11%;\"><div class=\"fusion-column-content-centered\"><div class=\"fusion-column-content\"><div class=\"fusion-text fusion-text-1\"><h2 style=\"text-align: center;\">News und Events<\/h2>\n<\/div><div class=\"fusion-sep-clear\"><\/div><div class=\"fusion-separator\" style=\"margin-left: auto;margin-right: auto;margin-top:0px;margin-bottom:35px;width:100%;max-width:100px;\"><div class=\"fusion-separator-border sep-single sep-solid\" style=\"border-color:#213d65;border-top-width:2px;\"><\/div><\/div><div class=\"fusion-sep-clear\"><\/div><\/div><\/div><div class=\"fusion-clearfix\"><\/div><\/div><\/div><div class=\"fusion-layout-column fusion_builder_column fusion-builder-column-1 fusion_builder_column_1_1 1_1 fusion-one-full fusion-column-first fusion-column-last\" style=\"margin-top:0px;margin-bottom:20px;\"><div class=\"fusion-column-wrapper fusion-flex-column-wrapper-legacy\" style=\"background-position:left top;background-repeat:no-repeat;-webkit-background-size:cover;-moz-background-size:cover;-o-background-size:cover;background-size:cover;padding: 0px 0px 0px 0px;\"><div class=\"fusion-blog-shortcode fusion-blog-shortcode-1 fusion-blog-archive fusion-blog-layout-medium-alternate fusion-blog-pagination\"><div class=\"fusion-posts-container fusion-posts-container-pagination fusion-no-meta-info fusion-blog-rollover\" data-pages=\"2\"><article id=\"blog-1-post-2126\" class=\"fusion-post-medium-alternate post-2126 post type-post status-publish format-standard has-post-thumbnail hentry category-allgemein\">\n<div class=\"fusion-date-and-formats\"><div class=\"fusion-date-box updated\"><span class=\"fusion-date\">14<\/span><span class=\"fusion-month-year\">10, 2021<\/span><\/div><div class=\"fusion-format-box\"><i class=\"fusion-icon-pen\" aria-hidden=\"true\"><\/i><\/div><\/div>\t<style type=\"text\/css\">\n\t\t\n\t\t\n\t\t\n\t\t\n\t\t\t<\/style>\n\n\n\t\t\t<div class=\"fusion-flexslider flexslider fusion-flexslider-loading fusion-post-slideshow\" style=\"\">\n\t\t<ul class=\"slides\">\n\t\t\t\n\t\t\t\t\t\t\t\t\t\t\t\t\t\t<li>\n\n<div  class=\"fusion-image-wrapper fusion-image-size-fixed\" aria-haspopup=\"true\">\n\t\n\t\n\t\n\t\t\n\t\t\t\t\t<img width=\"320\" height=\"202\" src=\"https:\/\/zkm-ag.ch\/wp-content\/uploads\/2021\/10\/news_141021_01-320x202.png\" class=\"attachment-blog-medium size-blog-medium wp-post-image\" alt=\"\" srcset=\"https:\/\/zkm-ag.ch\/wp-content\/uploads\/2021\/10\/news_141021_01-320x202.png 320w, https:\/\/zkm-ag.ch\/wp-content\/uploads\/2021\/10\/news_141021_01-700x441.png 700w\" sizes=\"(max-width: 320px) 100vw, 320px\" \/>\n\t\n\n\t\t<div class=\"fusion-rollover\">\n\t<div class=\"fusion-rollover-content\">\n\n\t\t\t\t\t\t\t\t\t\t\t\t\t\t<a class=\"fusion-rollover-link\" href=\"https:\/\/zkm-ag.ch\/de\/international-import-and-export-day-2021\/\">International import and export day 2021<\/a>\n\t\t\t\n\t\t\t\t\t\t\t\t\t\t\t\t\t\t\n\t\t\t\t\t\t\t\t\n\t\t\t\t\t\t\t\t\t\t\t\t\t<div class=\"fusion-rollover-sep\"><\/div>\n\t\t\t\t\n\t\t\t\t\t\t\t\t\t\t\t\t\t\t\t\t\t\t<a class=\"fusion-rollover-gallery\" href=\"https:\/\/zkm-ag.ch\/wp-content\/uploads\/2021\/10\/news_141021_01.png\" data-id=\"2126\" data-rel=\"iLightbox[gallery]\" data-title=\"news_141021_01\" data-caption=\"\">\n\t\t\t\t\t\tGallerie\t\t\t\t\t<\/a>\n\t\t\t\t\t\t\t\t\t\t\t\t\t\t\n\t\t\n\t\t\t\t\t\t\t\t\t\t\t\t<h4 class=\"fusion-rollover-title\">\n\t\t\t\t\t<a class=\"fusion-rollover-title-link\" href=\"https:\/\/zkm-ag.ch\/de\/international-import-and-export-day-2021\/\">\n\t\t\t\t\t\tInternational import and export day 2021\t\t\t\t\t<\/a>\n\t\t\t\t<\/h4>\n\t\t\t\n\t\t\t\t\t\t\t\t\n\t\t\n\t\t\t\t\t\t<a class=\"fusion-link-wrapper\" href=\"https:\/\/zkm-ag.ch\/de\/international-import-and-export-day-2021\/\" aria-label=\"International import and export day 2021\"><\/a>\n\t<\/div>\n<\/div>\n\n\t\n<\/div>\n<\/li>\n\t\t\t\n\t\t\t\n\t\t\t\t\t\t\t\t\t\t\t\t\t\t\t\t\t\t\t\t\t\t\t\t\t\t\t\t\t\t\t\t\t\t\t\t\t\t\t\t\t\t\t\t\t\t\t\t\t\t\t\t\t\t\t\t\t\t\t\t\t\t\t\t\t\t\t\t<\/ul>\n\t<\/div>\n\t<div class=\"fusion-post-content post-content\"><h2 class=\"blog-shortcode-post-title entry-title\"><a href=\"https:\/\/zkm-ag.ch\/de\/international-import-and-export-day-2021\/\">International import and export day 2021<\/a><\/h2><div class=\"fusion-post-content-container\"><p> Sehr geehrte Damen und Herren Vom 10. bis 12. November 2021 findet im hybriden Online-Offline-Format mit Hauptveranstaltungsort Moskau das aktuelle internationale Businessevent \"International import and export day 2021\" statt. Zum Organisationskomitee der Veranstaltung geh\u00f6ren Repr\u00e4sentanten des russischen Wirtschafts- und Finanzsektors auf h\u00f6chster Ebene, darin vertreten sind der Einf\u00fchrer- und [...]<\/p><\/div><\/div><div class=\"fusion-clearfix\"><\/div><\/article>\n<article id=\"blog-1-post-1662\" class=\"fusion-post-medium-alternate post-1662 post type-post status-publish format-standard has-post-thumbnail hentry category-allgemein\">\n<div class=\"fusion-date-and-formats\"><div class=\"fusion-date-box updated\"><span class=\"fusion-date\">12<\/span><span class=\"fusion-month-year\">02, 2021<\/span><\/div><div class=\"fusion-format-box\"><i class=\"fusion-icon-pen\" aria-hidden=\"true\"><\/i><\/div><\/div>\t<style type=\"text\/css\">\n\t\t\n\t\t\n\t\t\n\t\t\n\t\t\t<\/style>\n\n\n\t\t\t<div class=\"fusion-flexslider flexslider fusion-flexslider-loading fusion-post-slideshow\" style=\"\">\n\t\t<ul class=\"slides\">\n\t\t\t\n\t\t\t\t\t\t\t\t\t\t\t\t\t\t<li>\n\n<div  class=\"fusion-image-wrapper fusion-image-size-fixed\" aria-haspopup=\"true\">\n\t\n\t\n\t\n\t\t\n\t\t\t\t\t<img width=\"320\" height=\"202\" src=\"https:\/\/zkm-ag.ch\/wp-content\/uploads\/2020\/10\/zkm-ag-ZKM-Mitteilung-Chancen-in-Eurasien-jetzt-nutzen-320x202.jpg\" class=\"attachment-blog-medium size-blog-medium wp-post-image\" alt=\"\" srcset=\"https:\/\/zkm-ag.ch\/wp-content\/uploads\/2020\/10\/zkm-ag-ZKM-Mitteilung-Chancen-in-Eurasien-jetzt-nutzen-320x202.jpg 320w, https:\/\/zkm-ag.ch\/wp-content\/uploads\/2020\/10\/zkm-ag-ZKM-Mitteilung-Chancen-in-Eurasien-jetzt-nutzen-700x441.jpg 700w\" sizes=\"(max-width: 320px) 100vw, 320px\" \/>\n\t\n\n\t\t<div class=\"fusion-rollover\">\n\t<div class=\"fusion-rollover-content\">\n\n\t\t\t\t\t\t\t\t\t\t\t\t\t\t<a class=\"fusion-rollover-link\" href=\"https:\/\/zkm-ag.ch\/de\/zkm-mitteilung-chancen-in-eurasien-jetzt-nutzen\/\">ZKM Mitteilung: Chancen in Eurasien jetzt nutzen<\/a>\n\t\t\t\n\t\t\t\t\t\t\t\t\t\t\t\t\t\t\n\t\t\t\t\t\t\t\t\n\t\t\t\t\t\t\t\t\t\t\t\t\t<div class=\"fusion-rollover-sep\"><\/div>\n\t\t\t\t\n\t\t\t\t\t\t\t\t\t\t\t\t\t\t\t\t\t\t<a class=\"fusion-rollover-gallery\" href=\"https:\/\/zkm-ag.ch\/wp-content\/uploads\/2020\/10\/zkm-ag-ZKM-Mitteilung-Chancen-in-Eurasien-jetzt-nutzen.jpg\" data-id=\"1662\" data-rel=\"iLightbox[gallery]\" data-title=\"zkm-ag-ZKM-Mitteilung--Chancen-in-Eurasien-jetzt-nutzen\" data-caption=\"\">\n\t\t\t\t\t\tGallerie\t\t\t\t\t<\/a>\n\t\t\t\t\t\t\t\t\t\t\t\t\t\t\n\t\t\n\t\t\t\t\t\t\t\t\t\t\t\t<h4 class=\"fusion-rollover-title\">\n\t\t\t\t\t<a class=\"fusion-rollover-title-link\" href=\"https:\/\/zkm-ag.ch\/de\/zkm-mitteilung-chancen-in-eurasien-jetzt-nutzen\/\">\n\t\t\t\t\t\tZKM Mitteilung: Chancen in Eurasien jetzt nutzen\t\t\t\t\t<\/a>\n\t\t\t\t<\/h4>\n\t\t\t\n\t\t\t\t\t\t\t\t\n\t\t\n\t\t\t\t\t\t<a class=\"fusion-link-wrapper\" href=\"https:\/\/zkm-ag.ch\/de\/zkm-mitteilung-chancen-in-eurasien-jetzt-nutzen\/\" aria-label=\"ZKM Mitteilung: Chancen in Eurasien jetzt nutzen\"><\/a>\n\t<\/div>\n<\/div>\n\n\t\n<\/div>\n<\/li>\n\t\t\t\n\t\t\t\n\t\t\t\t\t\t\t\t\t\t\t\t\t\t\t\t\t\t\t\t\t\t\t\t\t\t\t\t\t\t\t\t\t\t\t\t\t\t\t\t\t\t\t\t\t\t\t\t\t\t\t\t\t\t\t\t\t\t\t\t\t\t\t\t\t\t\t\t<\/ul>\n\t<\/div>\n\t<div class=\"fusion-post-content post-content\"><h2 class=\"blog-shortcode-post-title entry-title\"><a href=\"https:\/\/zkm-ag.ch\/de\/zkm-mitteilung-chancen-in-eurasien-jetzt-nutzen\/\">ZKM Mitteilung: Chancen in Eurasien jetzt nutzen<\/a><\/h2><div class=\"fusion-post-content-container\"><p> Sehr geehrte Damen und Herren, verehrte Kollegen, wir w\u00fcnschen allen trotz aktuellen Umst\u00e4nden ein erfolgreiches Gesch\u00e4ftsjahr. Es ist gerade eine herausfordernde Zeit und man sieht auch, wie die Pandemie Korrekturen im Gesch\u00e4ftsleben eingebracht hat. Es gibt diverse wirtschaftliche Probleme. Das alles bring uns zu den Gedanken, was wir tun [...]<\/p><\/div><\/div><div class=\"fusion-clearfix\"><\/div><\/article>\n<article id=\"blog-1-post-1769\" class=\"fusion-post-medium-alternate post-1769 post type-post status-publish format-standard has-post-thumbnail hentry category-allgemein\">\n<div class=\"fusion-date-and-formats\"><div class=\"fusion-date-box updated\"><span class=\"fusion-date\">6<\/span><span class=\"fusion-month-year\">10, 2020<\/span><\/div><div class=\"fusion-format-box\"><i class=\"fusion-icon-pen\" aria-hidden=\"true\"><\/i><\/div><\/div>\t<style type=\"text\/css\">\n\t\t\n\t\t\n\t\t\n\t\t\n\t\t\t<\/style>\n\n\n\t\t\t<div class=\"fusion-flexslider flexslider fusion-flexslider-loading fusion-post-slideshow\" style=\"\">\n\t\t<ul class=\"slides\">\n\t\t\t\n\t\t\t\t\t\t\t\t\t\t\t\t\t\t<li>\n\n<div  class=\"fusion-image-wrapper fusion-image-size-fixed\" aria-haspopup=\"true\">\n\t\n\t\n\t\n\t\t\n\t\t\t\t\t<img width=\"320\" height=\"202\" src=\"https:\/\/zkm-ag.ch\/wp-content\/uploads\/2020\/10\/WhatsApp-Image-2020-10-06-at-22.37.47-320x202.jpeg\" class=\"attachment-blog-medium size-blog-medium wp-post-image\" alt=\"\" srcset=\"https:\/\/zkm-ag.ch\/wp-content\/uploads\/2020\/10\/WhatsApp-Image-2020-10-06-at-22.37.47-320x202.jpeg 320w, https:\/\/zkm-ag.ch\/wp-content\/uploads\/2020\/10\/WhatsApp-Image-2020-10-06-at-22.37.47-700x441.jpeg 700w\" sizes=\"(max-width: 320px) 100vw, 320px\" \/>\n\t\n\n\t\t<div class=\"fusion-rollover\">\n\t<div class=\"fusion-rollover-content\">\n\n\t\t\t\t\t\t\t\t\t\t\t\t\t\t<a class=\"fusion-rollover-link\" href=\"https:\/\/zkm-ag.ch\/de\/kopie-von-enguinness-world-record-event-in-the-kremlindeguinness-weltrekord-event-im-kreml\/\">Guinness Weltrekord Event im Kreml<\/a>\n\t\t\t\n\t\t\t\t\t\t\t\t\t\t\t\t\t\t\n\t\t\t\t\t\t\t\t\n\t\t\t\t\t\t\t\t\t\t\t\t\t<div class=\"fusion-rollover-sep\"><\/div>\n\t\t\t\t\n\t\t\t\t\t\t\t\t\t\t\t\t\t\t\t\t\t\t<a class=\"fusion-rollover-gallery\" href=\"https:\/\/zkm-ag.ch\/wp-content\/uploads\/2020\/10\/WhatsApp-Image-2020-10-06-at-22.37.47.jpeg\" data-id=\"1769\" data-rel=\"iLightbox[gallery]\" data-title=\"WhatsApp Image 2020-10-06 at 22.37.47\" data-caption=\"\">\n\t\t\t\t\t\tGallerie\t\t\t\t\t<\/a>\n\t\t\t\t\t\t\t\t\t\t\t\t\t\t\n\t\t\n\t\t\t\t\t\t\t\t\t\t\t\t<h4 class=\"fusion-rollover-title\">\n\t\t\t\t\t<a class=\"fusion-rollover-title-link\" href=\"https:\/\/zkm-ag.ch\/de\/kopie-von-enguinness-world-record-event-in-the-kremlindeguinness-weltrekord-event-im-kreml\/\">\n\t\t\t\t\t\tGuinness Weltrekord Event im Kreml\t\t\t\t\t<\/a>\n\t\t\t\t<\/h4>\n\t\t\t\n\t\t\t\t\t\t\t\t\n\t\t\n\t\t\t\t\t\t<a class=\"fusion-link-wrapper\" href=\"https:\/\/zkm-ag.ch\/de\/kopie-von-enguinness-world-record-event-in-the-kremlindeguinness-weltrekord-event-im-kreml\/\" aria-label=\"Guinness Weltrekord Event im Kreml\"><\/a>\n\t<\/div>\n<\/div>\n\n\t\n<\/div>\n<\/li>\n\t\t\t\n\t\t\t\n\t\t\t\t\t\t\t\t\t\t\t\t\t\t\t\t\t\t\t\t\t\t\t\t\t\t\t\t\t\t\t\t\t\t\t\t\t\t\t\t\t\t\t\t\t\t\t\t\t\t\t\t\t\t\t\t\t\t\t\t\t\t\t\t\t\t\t\t<\/ul>\n\t<\/div>\n\t<div class=\"fusion-post-content post-content\"><h2 class=\"blog-shortcode-post-title entry-title\"><a href=\"https:\/\/zkm-ag.ch\/de\/kopie-von-enguinness-world-record-event-in-the-kremlindeguinness-weltrekord-event-im-kreml\/\">Guinness Weltrekord Event im Kreml<\/a><\/h2><div class=\"fusion-post-content-container\"><p> Am 21. May 2021 findet in der Hauptstadt im Kreml Palast, als Teil des Festkonzerts des 75. Jahrestages des Gro\u00dfen Sieges , eine bedeutende Veranstaltung statt! Der 11- malige Champion aus dem Guinness Buch der Rekorde , Alexander Muromsky, wird versuchen einen neuen Rekord aufzustellen. Speziell f\u00fcr dieses Event [...]<\/p><\/div><\/div><div class=\"fusion-clearfix\"><\/div><\/article>\n<article id=\"blog-1-post-1637\" class=\"fusion-post-medium-alternate post-1637 post type-post status-publish format-standard has-post-thumbnail hentry category-allgemein\">\n<div class=\"fusion-date-and-formats\"><div class=\"fusion-date-box updated\"><span class=\"fusion-date\">6<\/span><span class=\"fusion-month-year\">10, 2020<\/span><\/div><div class=\"fusion-format-box\"><i class=\"fusion-icon-pen\" aria-hidden=\"true\"><\/i><\/div><\/div>\t<style type=\"text\/css\">\n\t\t\n\t\t\n\t\t\n\t\t\n\t\t\t<\/style>\n\n\n\t\t\t<div class=\"fusion-flexslider flexslider fusion-flexslider-loading fusion-post-slideshow\" style=\"\">\n\t\t<ul class=\"slides\">\n\t\t\t\n\t\t\t\t\t\t\t\t\t\t\t\t\t\t<li>\n\n<div  class=\"fusion-image-wrapper fusion-image-size-fixed\" aria-haspopup=\"true\">\n\t\n\t\n\t\n\t\t\n\t\t\t\t\t<img width=\"320\" height=\"202\" src=\"https:\/\/zkm-ag.ch\/wp-content\/uploads\/2020\/10\/Russland-setzt-Importsubstitution-bei-Medizinprodukten-aus-320x202.jpg\" class=\"attachment-blog-medium size-blog-medium wp-post-image\" alt=\"\" srcset=\"https:\/\/zkm-ag.ch\/wp-content\/uploads\/2020\/10\/Russland-setzt-Importsubstitution-bei-Medizinprodukten-aus-320x202.jpg 320w, https:\/\/zkm-ag.ch\/wp-content\/uploads\/2020\/10\/Russland-setzt-Importsubstitution-bei-Medizinprodukten-aus-700x441.jpg 700w\" sizes=\"(max-width: 320px) 100vw, 320px\" \/>\n\t\n\n\t\t<div class=\"fusion-rollover\">\n\t<div class=\"fusion-rollover-content\">\n\n\t\t\t\t\t\t\t\t\t\t\t\t\t\t<a class=\"fusion-rollover-link\" href=\"https:\/\/zkm-ag.ch\/de\/covid-19-russland-setzt-importsubstitution-bei-medizinprodukten-aus\/\">Covid-19: Russland setzt Importsubstitution bei Medizinprodukten aus<\/a>\n\t\t\t\n\t\t\t\t\t\t\t\t\t\t\t\t\t\t\n\t\t\t\t\t\t\t\t\n\t\t\t\t\t\t\t\t\t\t\t\t\t<div class=\"fusion-rollover-sep\"><\/div>\n\t\t\t\t\n\t\t\t\t\t\t\t\t\t\t\t\t\t\t\t\t\t\t<a class=\"fusion-rollover-gallery\" href=\"https:\/\/zkm-ag.ch\/wp-content\/uploads\/2020\/10\/Russland-setzt-Importsubstitution-bei-Medizinprodukten-aus.jpg\" data-id=\"1637\" data-rel=\"iLightbox[gallery]\" data-title=\"Russland-setzt-Importsubstitution-bei-Medizinprodukten-aus\" data-caption=\"\">\n\t\t\t\t\t\tGallerie\t\t\t\t\t<\/a>\n\t\t\t\t\t\t\t\t\t\t\t\t\t\t\n\t\t\n\t\t\t\t\t\t\t\t\t\t\t\t<h4 class=\"fusion-rollover-title\">\n\t\t\t\t\t<a class=\"fusion-rollover-title-link\" href=\"https:\/\/zkm-ag.ch\/de\/covid-19-russland-setzt-importsubstitution-bei-medizinprodukten-aus\/\">\n\t\t\t\t\t\tCovid-19: Russland setzt Importsubstitution bei Medizinprodukten aus\t\t\t\t\t<\/a>\n\t\t\t\t<\/h4>\n\t\t\t\n\t\t\t\t\t\t\t\t\n\t\t\n\t\t\t\t\t\t<a class=\"fusion-link-wrapper\" href=\"https:\/\/zkm-ag.ch\/de\/covid-19-russland-setzt-importsubstitution-bei-medizinprodukten-aus\/\" aria-label=\"Covid-19: Russland setzt Importsubstitution bei Medizinprodukten aus\"><\/a>\n\t<\/div>\n<\/div>\n\n\t\n<\/div>\n<\/li>\n\t\t\t\n\t\t\t\n\t\t\t\t\t\t\t\t\t\t\t\t\t\t\t\t\t\t\t\t\t\t\t\t\t\t\t\t\t\t\t\t\t\t\t\t\t\t\t\t\t\t\t\t\t\t\t\t\t\t\t\t\t\t\t\t\t\t\t\t\t\t\t\t\t\t\t\t<\/ul>\n\t<\/div>\n\t<div class=\"fusion-post-content post-content\"><h2 class=\"blog-shortcode-post-title entry-title\"><a href=\"https:\/\/zkm-ag.ch\/de\/covid-19-russland-setzt-importsubstitution-bei-medizinprodukten-aus\/\">Covid-19: Russland setzt Importsubstitution bei Medizinprodukten aus<\/a><\/h2><div class=\"fusion-post-content-container\"><p> Moskau \u2013 Um das Land f\u00fcr die Corona-Pandemie zu r\u00fcsten, erlaubt die Regierung f\u00fcr Arzneimittel und Medizinprodukte eine Ausnahme von den strengen Regeln zur staatlichen Beschaffung. Von Hans-J\u00fcrgen Wittmann | Moskau In der Coronakrise weicht Russland die Regeln zur Importsubstitution auf,\u00a0dabei hatte die neue Regierung sie\u00a0urspr\u00fcnglich versch\u00e4rfen wollen. Der\u00a0Antikrisenplan [...]<\/p><\/div><\/div><div class=\"fusion-clearfix\"><\/div><\/article>\n<article id=\"blog-1-post-1635\" class=\"fusion-post-medium-alternate post-1635 post type-post status-publish format-standard has-post-thumbnail hentry category-allgemein\">\n<div class=\"fusion-date-and-formats\"><div class=\"fusion-date-box updated\"><span class=\"fusion-date\">6<\/span><span class=\"fusion-month-year\">10, 2020<\/span><\/div><div class=\"fusion-format-box\"><i class=\"fusion-icon-pen\" aria-hidden=\"true\"><\/i><\/div><\/div>\t<style type=\"text\/css\">\n\t\t\n\t\t\n\t\t\n\t\t\n\t\t\t<\/style>\n\n\n\t\t\t<div class=\"fusion-flexslider flexslider fusion-flexslider-loading fusion-post-slideshow\" style=\"\">\n\t\t<ul class=\"slides\">\n\t\t\t\n\t\t\t\t\t\t\t\t\t\t\t\t\t\t<li>\n\n<div  class=\"fusion-image-wrapper fusion-image-size-fixed\" aria-haspopup=\"true\">\n\t\n\t\n\t\n\t\t\n\t\t\t\t\t<img width=\"320\" height=\"202\" src=\"https:\/\/zkm-ag.ch\/wp-content\/uploads\/2020\/10\/EAWU-diskutiert-u\u0308ber-Beobachterstatus-Usbekistans-320x202.jpg\" class=\"attachment-blog-medium size-blog-medium wp-post-image\" alt=\"\" srcset=\"https:\/\/zkm-ag.ch\/wp-content\/uploads\/2020\/10\/EAWU-diskutiert-u\u0308ber-Beobachterstatus-Usbekistans-320x202.jpg 320w, https:\/\/zkm-ag.ch\/wp-content\/uploads\/2020\/10\/EAWU-diskutiert-u\u0308ber-Beobachterstatus-Usbekistans-700x441.jpg 700w\" sizes=\"(max-width: 320px) 100vw, 320px\" \/>\n\t\n\n\t\t<div class=\"fusion-rollover\">\n\t<div class=\"fusion-rollover-content\">\n\n\t\t\t\t\t\t\t\t\t\t\t\t\t\t<a class=\"fusion-rollover-link\" href=\"https:\/\/zkm-ag.ch\/de\/eawu-diskutiert-ueber-beobachterstatus-usbekistans\/\">EAWU diskutiert \u00fcber Beobachterstatus Usbekistans<\/a>\n\t\t\t\n\t\t\t\t\t\t\t\t\t\t\t\t\t\t\n\t\t\t\t\t\t\t\t\n\t\t\t\t\t\t\t\t\t\t\t\t\t<div class=\"fusion-rollover-sep\"><\/div>\n\t\t\t\t\n\t\t\t\t\t\t\t\t\t\t\t\t\t\t\t\t\t\t<a class=\"fusion-rollover-gallery\" href=\"https:\/\/zkm-ag.ch\/wp-content\/uploads\/2020\/10\/EAWU-diskutiert-u\u0308ber-Beobachterstatus-Usbekistans.jpg\" data-id=\"1635\" data-rel=\"iLightbox[gallery]\" data-title=\"EAWU-diskutiert-u\u0308ber-Beobachterstatus-Usbekistans\" data-caption=\"\">\n\t\t\t\t\t\tGallerie\t\t\t\t\t<\/a>\n\t\t\t\t\t\t\t\t\t\t\t\t\t\t\n\t\t\n\t\t\t\t\t\t\t\t\t\t\t\t<h4 class=\"fusion-rollover-title\">\n\t\t\t\t\t<a class=\"fusion-rollover-title-link\" href=\"https:\/\/zkm-ag.ch\/de\/eawu-diskutiert-ueber-beobachterstatus-usbekistans\/\">\n\t\t\t\t\t\tEAWU diskutiert \u00fcber Beobachterstatus Usbekistans\t\t\t\t\t<\/a>\n\t\t\t\t<\/h4>\n\t\t\t\n\t\t\t\t\t\t\t\t\n\t\t\n\t\t\t\t\t\t<a class=\"fusion-link-wrapper\" href=\"https:\/\/zkm-ag.ch\/de\/eawu-diskutiert-ueber-beobachterstatus-usbekistans\/\" aria-label=\"EAWU diskutiert \u00fcber Beobachterstatus Usbekistans\"><\/a>\n\t<\/div>\n<\/div>\n\n\t\n<\/div>\n<\/li>\n\t\t\t\n\t\t\t\n\t\t\t\t\t\t\t\t\t\t\t\t\t\t\t\t\t\t\t\t\t\t\t\t\t\t\t\t\t\t\t\t\t\t\t\t\t\t\t\t\t\t\t\t\t\t\t\t\t\t\t\t\t\t\t\t\t\t\t\t\t\t\t\t\t\t\t\t<\/ul>\n\t<\/div>\n\t<div class=\"fusion-post-content post-content\"><h2 class=\"blog-shortcode-post-title entry-title\"><a href=\"https:\/\/zkm-ag.ch\/de\/eawu-diskutiert-ueber-beobachterstatus-usbekistans\/\">EAWU diskutiert \u00fcber Beobachterstatus Usbekistans<\/a><\/h2><div class=\"fusion-post-content-container\"><p> Bonn \u2013 Der Rat der Eurasischen Wirtschaftskommission befasste sich w\u00e4hrend seiner letzten Sitzung am 4. September 2020 mit dem aktuellen Status Usbekistans. In\u00a0der Sitzung pr\u00fcfte der Rat\u00a0einen Entscheidungsentwurf des Obersten Eurasischen Wirtschaftsrates zur Frage, ob Usbekistan den\u00a0Status eines Beobachterstaates der EAWU erhalten sollte. Die endg\u00fcltige Entscheidung steht noch aus [...]<\/p><\/div><\/div><div class=\"fusion-clearfix\"><\/div><\/article>\n<article id=\"blog-1-post-1633\" class=\"fusion-post-medium-alternate post-1633 post type-post status-publish format-standard has-post-thumbnail hentry category-allgemein\">\n<div class=\"fusion-date-and-formats\"><div class=\"fusion-date-box updated\"><span class=\"fusion-date\">6<\/span><span class=\"fusion-month-year\">10, 2020<\/span><\/div><div class=\"fusion-format-box\"><i class=\"fusion-icon-pen\" aria-hidden=\"true\"><\/i><\/div><\/div>\t<style type=\"text\/css\">\n\t\t\n\t\t\n\t\t\n\t\t\n\t\t\t<\/style>\n\n\n\t\t\t<div class=\"fusion-flexslider flexslider fusion-flexslider-loading fusion-post-slideshow\" style=\"\">\n\t\t<ul class=\"slides\">\n\t\t\t\n\t\t\t\t\t\t\t\t\t\t\t\t\t\t<li>\n\n<div  class=\"fusion-image-wrapper fusion-image-size-fixed\" aria-haspopup=\"true\">\n\t\n\t\n\t\n\t\t\n\t\t\t\t\t<img width=\"320\" height=\"202\" src=\"https:\/\/zkm-ag.ch\/wp-content\/uploads\/2020\/10\/Russland-und-Weissrussland-entwickeln-neue-Hightech-Cluster-320x202.jpg\" class=\"attachment-blog-medium size-blog-medium wp-post-image\" alt=\"\" srcset=\"https:\/\/zkm-ag.ch\/wp-content\/uploads\/2020\/10\/Russland-und-Weissrussland-entwickeln-neue-Hightech-Cluster-320x202.jpg 320w, https:\/\/zkm-ag.ch\/wp-content\/uploads\/2020\/10\/Russland-und-Weissrussland-entwickeln-neue-Hightech-Cluster-700x441.jpg 700w\" sizes=\"(max-width: 320px) 100vw, 320px\" \/>\n\t\n\n\t\t<div class=\"fusion-rollover\">\n\t<div class=\"fusion-rollover-content\">\n\n\t\t\t\t\t\t\t\t\t\t\t\t\t\t<a class=\"fusion-rollover-link\" href=\"https:\/\/zkm-ag.ch\/de\/russland-und-weissrussland-entwickeln-neue-hightech-cluster\/\">Russland und Wei\u00dfrussland entwickeln neue Hightech-Cluster<\/a>\n\t\t\t\n\t\t\t\t\t\t\t\t\t\t\t\t\t\t\n\t\t\t\t\t\t\t\t\n\t\t\t\t\t\t\t\t\t\t\t\t\t<div class=\"fusion-rollover-sep\"><\/div>\n\t\t\t\t\n\t\t\t\t\t\t\t\t\t\t\t\t\t\t\t\t\t\t<a class=\"fusion-rollover-gallery\" href=\"https:\/\/zkm-ag.ch\/wp-content\/uploads\/2020\/10\/Russland-und-Weissrussland-entwickeln-neue-Hightech-Cluster.jpg\" data-id=\"1633\" data-rel=\"iLightbox[gallery]\" data-title=\"Russland-und-Wei\u00dfrussland-entwickeln-neue-Hightech-Cluster\" data-caption=\"\">\n\t\t\t\t\t\tGallerie\t\t\t\t\t<\/a>\n\t\t\t\t\t\t\t\t\t\t\t\t\t\t\n\t\t\n\t\t\t\t\t\t\t\t\t\t\t\t<h4 class=\"fusion-rollover-title\">\n\t\t\t\t\t<a class=\"fusion-rollover-title-link\" href=\"https:\/\/zkm-ag.ch\/de\/russland-und-weissrussland-entwickeln-neue-hightech-cluster\/\">\n\t\t\t\t\t\tRussland und Wei\u00dfrussland entwickeln neue Hightech-Cluster\t\t\t\t\t<\/a>\n\t\t\t\t<\/h4>\n\t\t\t\n\t\t\t\t\t\t\t\t\n\t\t\n\t\t\t\t\t\t<a class=\"fusion-link-wrapper\" href=\"https:\/\/zkm-ag.ch\/de\/russland-und-weissrussland-entwickeln-neue-hightech-cluster\/\" aria-label=\"Russland und Wei\u00dfrussland entwickeln neue Hightech-Cluster\"><\/a>\n\t<\/div>\n<\/div>\n\n\t\n<\/div>\n<\/li>\n\t\t\t\n\t\t\t\n\t\t\t\t\t\t\t\t\t\t\t\t\t\t\t\t\t\t\t\t\t\t\t\t\t\t\t\t\t\t\t\t\t\t\t\t\t\t\t\t\t\t\t\t\t\t\t\t\t\t\t\t\t\t\t\t\t\t\t\t\t\t\t\t\t\t\t\t<\/ul>\n\t<\/div>\n\t<div class=\"fusion-post-content post-content\"><h2 class=\"blog-shortcode-post-title entry-title\"><a href=\"https:\/\/zkm-ag.ch\/de\/russland-und-weissrussland-entwickeln-neue-hightech-cluster\/\">Russland und Wei\u00dfrussland entwickeln neue Hightech-Cluster<\/a><\/h2><div class=\"fusion-post-content-container\"><p> Moskau\/Bonn \u2013 Im sibirischen Krasnojarsk entsteht ein Hightech-Cluster nach Vorbild des Silicon Valley. Auch das belarussische Minsk will zum neuen IT-Mekka aufsteigen. Namhafte internationale Konzerne haben bereits Interesse bekundet. Von Hans-J\u00fcrgen Wittmann und Kathleen Beger Ende Januar liegt die sibirische Stadt Krasnojarsk unter einer meterdicken Schicht aus Schnee und [...]<\/p><\/div><\/div><div class=\"fusion-clearfix\"><\/div><\/article>\n<\/div><div class=\"pagination clearfix\"><span class=\"current\">1<\/span><a href=\"https:\/\/zkm-ag.ch\/de\/wp-json\/wp\/v2\/pages\/1639\/page\/2\/\" class=\"inactive\">2<\/a><a class=\"pagination-next\" rel=\"next\" href=\"https:\/\/zkm-ag.ch\/de\/wp-json\/wp\/v2\/pages\/1639\/page\/2\/\"><span class=\"page-text\">Vor<\/span><span class=\"page-next\"><\/span><\/a><\/div><div class=\"fusion-clearfix\"><\/div><\/div><div class=\"fusion-clearfix\"><\/div><\/div><\/div><\/div><\/div><\/div>\n","protected":false},"excerpt":{"rendered":"","protected":false},"author":1,"featured_media":0,"parent":0,"menu_order":0,"comment_status":"closed","ping_status":"closed","template":"100-width.php","meta":[],"_links":{"self":[{"href":"https:\/\/zkm-ag.ch\/de\/wp-json\/wp\/v2\/pages\/1639"}],"collection":[{"href":"https:\/\/zkm-ag.ch\/de\/wp-json\/wp\/v2\/pages"}],"about":[{"href":"https:\/\/zkm-ag.ch\/de\/wp-json\/wp\/v2\/types\/page"}],"author":[{"embeddable":true,"href":"https:\/\/zkm-ag.ch\/de\/wp-json\/wp\/v2\/users\/1"}],"replies":[{"embeddable":true,"href":"https:\/\/zkm-ag.ch\/de\/wp-json\/wp\/v2\/comments?post=1639"}],"version-history":[{"count":17,"href":"https:\/\/zkm-ag.ch\/de\/wp-json\/wp\/v2\/pages\/1639\/revisions"}],"predecessor-version":[{"id":2095,"href":"https:\/\/zkm-ag.ch\/de\/wp-json\/wp\/v2\/pages\/1639\/revisions\/2095"}],"wp:attachment":[{"href":"https:\/\/zkm-ag.ch\/de\/wp-json\/wp\/v2\/media?parent=1639"}],"curies":[{"name":"wp","href":"https:\/\/api.w.org\/{rel}","templated":true}]}}